{"id":17,"date":"2024-06-24T21:25:04","date_gmt":"2024-06-24T21:25:04","guid":{"rendered":"https:\/\/eeskolabp.me\/?page_id=17"},"modified":"2025-06-03T14:40:30","modified_gmt":"2025-06-03T14:40:30","slug":"obrazovni-programi","status":"publish","type":"page","link":"https:\/\/eeskolabp.me\/index.php\/obrazovni-programi\/","title":{"rendered":"OBRAZOVNI PROGRAMI"},"content":{"rendered":"<p>PROVJERA BODOVA ZA UPIS<\/p>\n<p><a href=\"https:\/\/eeskolabp.me\/wp-content\/uploads\/2025\/05\/racunari.php\" target=\"_blank\" rel=\"noopener\">ELEKTROTEHNI\u010cAR RA\u010cUNARSKIH SISTEMA I MRE\u017dA<\/a><\/p>\n<p><a href=\"https:\/\/eeskolabp.me\/wp-content\/uploads\/2025\/05\/vebimobilne.html\" target=\"_blank\" rel=\"noopener\">ELEKTROTEHNI\u010cAR ZA RAZVOJ VEB I MOBILNIH APLIKACIJA<\/a><\/p>\n<p><a href=\"https:\/\/eeskolabp.me\/wp-content\/uploads\/2025\/06\/vjezbai3.html\" target=\"_blank\" rel=\"noopener\">ELEKTROTEHNICAR RACUNARSKIH SISTEMA I MREZA 2<\/a><\/p>\n<p><a href=\"https:\/\/eeskolabp.me\/wp-content\/uploads\/2025\/06\/vjezba11.html\" target=\"_blank\" rel=\"noopener\"><strong>Elektortehni\u010dar Elektronike<\/strong><\/a><\/p>\n","protected":false},"excerpt":{"rendered":"<p>PROVJERA BODOVA ZA UPIS ELEKTROTEHNI\u010cAR RA\u010cUNARSKIH SISTEMA I MRE\u017dA ELEKTROTEHNI\u010cAR ZA RAZVOJ VEB I MOBILNIH APLIKACIJA ELEKTROTEHNICAR RACUNARSKIH SISTEMA I MREZA 2 Elektortehni\u010dar Elektronike<\/p>\n","protected":false},"author":1,"featured_media":0,"parent":0,"menu_order":0,"comment_status":"closed","ping_status":"closed","template":"","meta":[],"_links":{"self":[{"href":"https:\/\/eeskolabp.me\/index.php\/wp-json\/wp\/v2\/pages\/17"}],"collection":[{"href":"https:\/\/eeskolabp.me\/index.php\/wp-json\/wp\/v2\/pages"}],"about":[{"href":"https:\/\/eeskolabp.me\/index.php\/wp-json\/wp\/v2\/types\/page"}],"author":[{"embeddable":true,"href":"https:\/\/eeskolabp.me\/index.php\/wp-json\/wp\/v2\/users\/1"}],"replies":[{"embeddable":true,"href":"https:\/\/eeskolabp.me\/index.php\/wp-json\/wp\/v2\/comments?post=17"}],"version-history":[{"count":5,"href":"https:\/\/eeskolabp.me\/index.php\/wp-json\/wp\/v2\/pages\/17\/revisions"}],"predecessor-version":[{"id":133,"href":"https:\/\/eeskolabp.me\/index.php\/wp-json\/wp\/v2\/pages\/17\/revisions\/133"}],"wp:attachment":[{"href":"https:\/\/eeskolabp.me\/index.php\/wp-json\/wp\/v2\/media?parent=17"}],"curies":[{"name":"wp","href":"https:\/\/api.w.org\/{rel}","templated":true}]}}